{"id":10,"date":"2023-01-05T07:16:32","date_gmt":"2023-01-05T07:16:32","guid":{"rendered":"https:\/\/wedeal-france.fr\/?page_id=10"},"modified":"2024-04-04T13:49:12","modified_gmt":"2024-04-04T13:49:12","slug":"accueil","status":"publish","type":"page","link":"https:\/\/wedeal-france.fr\/en\/","title":{"rendered":"Home"},"content":{"rendered":"","protected":false},"excerpt":{"rendered":"","protected":false},"author":1,"featured_media":0,"parent":0,"menu_order":0,"comment_status":"closed","ping_status":"closed","template":"","meta":{"footnotes":""},"class_list":["post-10","page","type-page","status-publish","czr-hentry"],"yoast_head":"<!-- This site is optimized with the Yoast SEO plugin v27.4 - https:\/\/yoast.com\/product\/yoast-seo-wordpress\/ -->\n<title>WeDeal - Expert en syst\u00e8mes automatis\u00e9s<\/title>\n<meta name=\"description\" content=\"WeDeal, expert en syst\u00e8mes automatis\u00e9s. Conception, fabrication et vente de distributeur automatique de bouteilles de gaz \u00e0 Moll\u00e9g\u00e8s, en Provence.\" \/>\n<meta name=\"robots\" content=\"index, follow, max-snippet:-1, max-image-preview:large, max-video-preview:-1\" \/>\n<link rel=\"canonical\" href=\"https:\/\/wedeal-france.fr\/en\/\" \/>\n<meta property=\"og:locale\" content=\"en_GB\" \/>\n<meta property=\"og:type\" content=\"article\" \/>\n<meta property=\"og:title\" content=\"WeDeal - Expert en syst\u00e8mes automatis\u00e9s\" \/>\n<meta property=\"og:description\" content=\"WeDeal, expert en syst\u00e8mes automatis\u00e9s. Conception, fabrication et vente de distributeur automatique de bouteilles de gaz \u00e0 Moll\u00e9g\u00e8s, en Provence.\" \/>\n<meta property=\"og:url\" content=\"https:\/\/wedeal-france.fr\/en\/\" \/>\n<meta property=\"og:site_name\" content=\"WeDeal\" \/>\n<meta property=\"article:modified_time\" content=\"2024-04-04T13:49:12+00:00\" \/>\n<meta name=\"twitter:card\" content=\"summary_large_image\" \/>\n<meta name=\"twitter:label1\" content=\"Estimated reading time\" \/>\n\t<meta name=\"twitter:data1\" content=\"8 minutes\" \/>\n<script type=\"application\/ld+json\" class=\"yoast-schema-graph\">{\"@context\":\"https:\\\/\\\/schema.org\",\"@graph\":[{\"@type\":\"WebPage\",\"@id\":\"https:\\\/\\\/wedeal-france.fr\\\/\",\"url\":\"https:\\\/\\\/wedeal-france.fr\\\/\",\"name\":\"WeDeal - Expert en syst\u00e8mes automatis\u00e9s\",\"isPartOf\":{\"@id\":\"https:\\\/\\\/wedeal-france.fr\\\/#website\"},\"datePublished\":\"2023-01-05T07:16:32+00:00\",\"dateModified\":\"2024-04-04T13:49:12+00:00\",\"description\":\"WeDeal, expert en syst\u00e8mes automatis\u00e9s. Conception, fabrication et vente de distributeur automatique de bouteilles de gaz \u00e0 Moll\u00e9g\u00e8s, en Provence.\",\"breadcrumb\":{\"@id\":\"https:\\\/\\\/wedeal-france.fr\\\/#breadcrumb\"},\"inLanguage\":\"en-GB\",\"potentialAction\":[{\"@type\":\"ReadAction\",\"target\":[\"https:\\\/\\\/wedeal-france.fr\\\/\"]}]},{\"@type\":\"BreadcrumbList\",\"@id\":\"https:\\\/\\\/wedeal-france.fr\\\/#breadcrumb\",\"itemListElement\":[{\"@type\":\"ListItem\",\"position\":1,\"name\":\"Accueil\",\"item\":\"https:\\\/\\\/wedeal-france.fr\\\/\"},{\"@type\":\"ListItem\",\"position\":2,\"name\":\"Accueil\"}]},{\"@type\":\"WebSite\",\"@id\":\"https:\\\/\\\/wedeal-france.fr\\\/#website\",\"url\":\"https:\\\/\\\/wedeal-france.fr\\\/\",\"name\":\"WeDeal\",\"description\":\"Conception de syst\u00e8mes automatis\u00e9s\",\"publisher\":{\"@id\":\"https:\\\/\\\/wedeal-france.fr\\\/#organization\"},\"potentialAction\":[{\"@type\":\"SearchAction\",\"target\":{\"@type\":\"EntryPoint\",\"urlTemplate\":\"https:\\\/\\\/wedeal-france.fr\\\/?s={search_term_string}\"},\"query-input\":{\"@type\":\"PropertyValueSpecification\",\"valueRequired\":true,\"valueName\":\"search_term_string\"}}],\"inLanguage\":\"en-GB\"},{\"@type\":\"Organization\",\"@id\":\"https:\\\/\\\/wedeal-france.fr\\\/#organization\",\"name\":\"WeDeal\",\"url\":\"https:\\\/\\\/wedeal-france.fr\\\/\",\"logo\":{\"@type\":\"ImageObject\",\"inLanguage\":\"en-GB\",\"@id\":\"https:\\\/\\\/wedeal-france.fr\\\/#\\\/schema\\\/logo\\\/image\\\/\",\"url\":\"https:\\\/\\\/wedeal-france.fr\\\/wp-content\\\/uploads\\\/2023\\\/01\\\/cropped-LOGO-WEADEAL-1.jpg\",\"contentUrl\":\"https:\\\/\\\/wedeal-france.fr\\\/wp-content\\\/uploads\\\/2023\\\/01\\\/cropped-LOGO-WEADEAL-1.jpg\",\"width\":508,\"height\":112,\"caption\":\"WeDeal\"},\"image\":{\"@id\":\"https:\\\/\\\/wedeal-france.fr\\\/#\\\/schema\\\/logo\\\/image\\\/\"}}]}<\/script>\n<!-- \/ Yoast SEO plugin. -->","yoast_head_json":{"title":"WeDeal - Expert in automated systems","description":"WeDeal, experts in automated systems. Design, manufacture and sale of automatic gas cylinder dispensers in Moll\u00e9g\u00e8s, Provence.","robots":{"index":"index","follow":"follow","max-snippet":"max-snippet:-1","max-image-preview":"max-image-preview:large","max-video-preview":"max-video-preview:-1"},"canonical":"https:\/\/wedeal-france.fr\/en\/","og_locale":"en_GB","og_type":"article","og_title":"WeDeal - Expert en syst\u00e8mes automatis\u00e9s","og_description":"WeDeal, expert en syst\u00e8mes automatis\u00e9s. Conception, fabrication et vente de distributeur automatique de bouteilles de gaz \u00e0 Moll\u00e9g\u00e8s, en Provence.","og_url":"https:\/\/wedeal-france.fr\/en\/","og_site_name":"WeDeal","article_modified_time":"2024-04-04T13:49:12+00:00","twitter_card":"summary_large_image","twitter_misc":{"Estimated reading time":"8 minutes"},"schema":{"@context":"https:\/\/schema.org","@graph":[{"@type":"WebPage","@id":"https:\/\/wedeal-france.fr\/","url":"https:\/\/wedeal-france.fr\/","name":"WeDeal - Expert in automated systems","isPartOf":{"@id":"https:\/\/wedeal-france.fr\/#website"},"datePublished":"2023-01-05T07:16:32+00:00","dateModified":"2024-04-04T13:49:12+00:00","description":"WeDeal, experts in automated systems. Design, manufacture and sale of automatic gas cylinder dispensers in Moll\u00e9g\u00e8s, Provence.","breadcrumb":{"@id":"https:\/\/wedeal-france.fr\/#breadcrumb"},"inLanguage":"en-GB","potentialAction":[{"@type":"ReadAction","target":["https:\/\/wedeal-france.fr\/"]}]},{"@type":"BreadcrumbList","@id":"https:\/\/wedeal-france.fr\/#breadcrumb","itemListElement":[{"@type":"ListItem","position":1,"name":"Accueil","item":"https:\/\/wedeal-france.fr\/"},{"@type":"ListItem","position":2,"name":"Accueil"}]},{"@type":"WebSite","@id":"https:\/\/wedeal-france.fr\/#website","url":"https:\/\/wedeal-france.fr\/","name":"WeDeal","description":"Design of automated systems","publisher":{"@id":"https:\/\/wedeal-france.fr\/#organization"},"potentialAction":[{"@type":"SearchAction","target":{"@type":"EntryPoint","urlTemplate":"https:\/\/wedeal-france.fr\/?s={search_term_string}"},"query-input":{"@type":"PropertyValueSpecification","valueRequired":true,"valueName":"search_term_string"}}],"inLanguage":"en-GB"},{"@type":"Organization","@id":"https:\/\/wedeal-france.fr\/#organization","name":"WeDeal","url":"https:\/\/wedeal-france.fr\/","logo":{"@type":"ImageObject","inLanguage":"en-GB","@id":"https:\/\/wedeal-france.fr\/#\/schema\/logo\/image\/","url":"https:\/\/wedeal-france.fr\/wp-content\/uploads\/2023\/01\/cropped-LOGO-WEADEAL-1.jpg","contentUrl":"https:\/\/wedeal-france.fr\/wp-content\/uploads\/2023\/01\/cropped-LOGO-WEADEAL-1.jpg","width":508,"height":112,"caption":"WeDeal"},"image":{"@id":"https:\/\/wedeal-france.fr\/#\/schema\/logo\/image\/"}}]}},"_links":{"self":[{"href":"https:\/\/wedeal-france.fr\/en\/wp-json\/wp\/v2\/pages\/10","targetHints":{"allow":["GET"]}}],"collection":[{"href":"https:\/\/wedeal-france.fr\/en\/wp-json\/wp\/v2\/pages"}],"about":[{"href":"https:\/\/wedeal-france.fr\/en\/wp-json\/wp\/v2\/types\/page"}],"author":[{"embeddable":true,"href":"https:\/\/wedeal-france.fr\/en\/wp-json\/wp\/v2\/users\/1"}],"replies":[{"embeddable":true,"href":"https:\/\/wedeal-france.fr\/en\/wp-json\/wp\/v2\/comments?post=10"}],"version-history":[{"count":1,"href":"https:\/\/wedeal-france.fr\/en\/wp-json\/wp\/v2\/pages\/10\/revisions"}],"predecessor-version":[{"id":11,"href":"https:\/\/wedeal-france.fr\/en\/wp-json\/wp\/v2\/pages\/10\/revisions\/11"}],"wp:attachment":[{"href":"https:\/\/wedeal-france.fr\/en\/wp-json\/wp\/v2\/media?parent=10"}],"curies":[{"name":"wp","href":"https:\/\/api.w.org\/{rel}","templated":true}]}}